{"id":156,"date":"2025-03-03T10:34:37","date_gmt":"2025-03-03T10:34:37","guid":{"rendered":"https:\/\/kompass.dz\/?page_id=156"},"modified":"2025-03-05T08:58:06","modified_gmt":"2025-03-05T08:58:06","slug":"business-place","status":"publish","type":"page","link":"https:\/\/kompass.dz\/index.php\/business-place\/","title":{"rendered":"Business place"},"content":{"rendered":"\n<p><strong>Kompass <\/strong>est une plateforme mondiale de donn\u00e9es B2B (business-to-business) qui fournit des informations d\u00e9taill\u00e9es sur les entreprises et leurs secteurs d&#8217;activit\u00e9. Elle offre une base de donn\u00e9es extensive regroupant des informations sur des millions d&#8217;entreprises dans divers pays, couvrant des secteurs tels que l&#8217;industrie, les services, le commerce de gros et bien d&#8217;autres.<\/p>\n\n\n\n<p><strong>Kompass<\/strong> permet aux utilisateurs de rechercher des prospects, des fournisseurs, des partenaires commerciaux ou d\u2019effectuer une veille strat\u00e9gique en fournissant des donn\u00e9es comme des coordonn\u00e9es d&#8217;entreprises, des informations financi\u00e8res, des activit\u00e9s commerciales, et des donn\u00e9es sur leurs produits ou services. Cette plateforme est particuli\u00e8rement utilis\u00e9e pour le d\u00e9veloppement commercial, la prospection, et la recherche de march\u00e9s. Tous les secteurs d&#8217;activit\u00e9 sont pr\u00e9sent sur la plateforme <strong>Kompass<\/strong>.<\/p>\n\n\n\n<div class=\"wp-block-media-text alignwide has-media-on-the-right is-stacked-on-mobile\" style=\"grid-template-columns:auto 54%\"><figure class=\"wp-block-media-text__media\"><img loading=\"lazy\" width=\"1024\" height=\"572\" src=\"https:\/\/kompass.dz\/wp-content\/uploads\/2025\/03\/Illustration20page20daccueil1.jpg\" alt=\"\" class=\"wp-image-167 size-full\" srcset=\"https:\/\/kompass.dz\/wp-content\/uploads\/2025\/03\/Illustration20page20daccueil1.jpg 1024w, https:\/\/kompass.dz\/wp-content\/uploads\/2025\/03\/Illustration20page20daccueil1-300x168.jpg 300w, https:\/\/kompass.dz\/wp-content\/uploads\/2025\/03\/Illustration20page20daccueil1-768x429.jpg 768w\" sizes=\"(max-width: 767px) 89vw, (max-width: 1000px) 54vw, (max-width: 1071px) 543px, 580px\" \/><\/figure><div class=\"wp-block-media-text__content\">\n<ul id=\"block-e9fd0650-f966-4e57-bcf5-590d90615d9e\"><li><strong>Agroalimentaire<\/strong><ul><li><a href=\"https:\/\/dz.kompass.com\/a\/agriculture-et-sylviculture\/02\/\">Agriculture et sylviculture<\/a><\/li><li><a href=\"https:\/\/dz.kompass.com\/a\/alimentation\/03\/\">Alimentation<\/a><\/li><li><a href=\"https:\/\/dz.kompass.com\/a\/boissons\/04\/\">Boissons<\/a><\/li><li><a href=\"https:\/\/dz.kompass.com\/a\/elevage-et-peche\/01\/\">Elevage et p\u00eache<\/a><\/li><li><a href=\"https:\/\/dz.kompass.com\/a\/materiel-agricole-et-forestier\/48\/\">Mat\u00e9riel agricole et forestier<\/a><\/li><li><a href=\"https:\/\/dz.kompass.com\/a\/materiel-pour-l-industrie-agroalimentaire-le-tabac-et-la-restauration\/49\/\">Mat\u00e9riel pour l&#8217;industrie agroalimentaire, le tabac et la restauration<\/a><\/li><li><a href=\"https:\/\/dz.kompass.com\/a\/produits-biologiques\/05\/\">Produits biologiques<\/a><\/li><\/ul><\/li><\/ul>\n\n\n\n<p><\/p>\n<\/div><\/div>\n\n\n\n<hr class=\"wp-block-separator aligncenter\"\/>\n\n\n\n<div class=\"wp-block-media-text alignwide has-media-on-the-right is-stacked-on-mobile\" style=\"grid-template-columns:auto 52%\"><figure class=\"wp-block-media-text__media\"><img loading=\"lazy\" width=\"626\" height=\"351\" src=\"https:\/\/kompass.dz\/wp-content\/uploads\/2025\/03\/rangee-bechers-liquides-couleurs-differentes-table_765582-10261.jpg\" alt=\"\" class=\"wp-image-168 size-full\" srcset=\"https:\/\/kompass.dz\/wp-content\/uploads\/2025\/03\/rangee-bechers-liquides-couleurs-differentes-table_765582-10261.jpg 626w, https:\/\/kompass.dz\/wp-content\/uploads\/2025\/03\/rangee-bechers-liquides-couleurs-differentes-table_765582-10261-300x168.jpg 300w\" sizes=\"(max-width: 626px) 100vw, 626px\" \/><\/figure><div class=\"wp-block-media-text__content\">\n<ul id=\"block-f08ae3dc-2f99-4b6e-bb2e-a0da3b93e2ab\"><li><strong>Chimie, Plastique, Sant\u00e9<\/strong><ul><li><a href=\"https:\/\/dz.kompass.com\/a\/materiel-de-traitement-du-caoutchouc-et-du-plastique\/53\/\">Mat\u00e9riel de traitement du caoutchouc et du plastique<\/a><\/li><li><a href=\"https:\/\/dz.kompass.com\/a\/materiel-pour-l-industrie-chimique\/52\/\">Mat\u00e9riel pour l&#8217;industrie chimique<\/a><\/li><li><a href=\"https:\/\/dz.kompass.com\/a\/parachimie\/22\/\">Parachimie<\/a><\/li><li><a href=\"https:\/\/dz.kompass.com\/a\/produits-chimiques-de-base\/21\/\">Produits chimiques de base<\/a><\/li><li><a href=\"https:\/\/dz.kompass.com\/a\/produits-en-caoutchouc\/18\/\">Produits en caoutchouc<\/a><\/li><li><a href=\"https:\/\/dz.kompass.com\/a\/produits-en-plastique\/20\/\">Produits en plastique<\/a><\/li><li><a href=\"https:\/\/dz.kompass.com\/a\/sante\/23\/\">Sant\u00e9<\/a><\/li><\/ul><\/li><\/ul>\n<\/div><\/div>\n\n\n\n<hr class=\"wp-block-separator\"\/>\n\n\n\n<div class=\"wp-block-media-text alignwide has-media-on-the-right is-stacked-on-mobile is-vertically-aligned-center\" style=\"grid-template-columns:auto 52%\"><figure class=\"wp-block-media-text__media\"><img loading=\"lazy\" width=\"921\" height=\"526\" src=\"https:\/\/kompass.dz\/wp-content\/uploads\/2025\/03\/MAISON-AVEC-ETAGE-161.jpg\" alt=\"\" class=\"wp-image-169 size-full\" srcset=\"https:\/\/kompass.dz\/wp-content\/uploads\/2025\/03\/MAISON-AVEC-ETAGE-161.jpg 921w, https:\/\/kompass.dz\/wp-content\/uploads\/2025\/03\/MAISON-AVEC-ETAGE-161-300x171.jpg 300w, https:\/\/kompass.dz\/wp-content\/uploads\/2025\/03\/MAISON-AVEC-ETAGE-161-768x439.jpg 768w\" sizes=\"(max-width: 767px) 89vw, (max-width: 1000px) 54vw, (max-width: 1071px) 543px, 580px\" \/><\/figure><div class=\"wp-block-media-text__content\">\n<ul id=\"block-504b7a68-6ae4-48fc-a6a2-1bd2f811814c\"><li><strong>Construction, B\u00e2timent, Bois, Habitat<\/strong><ul><li><a href=\"https:\/\/dz.kompass.com\/a\/bois\/14\/\">Bois<\/a><\/li><li><a href=\"https:\/\/dz.kompass.com\/a\/batiment\/71\/\">B\u00e2timent<\/a><\/li><li><a href=\"https:\/\/dz.kompass.com\/a\/chauffage-refrigeration-et-ventilation\/33\/\">Chauffage, r\u00e9frig\u00e9ration et ventilation<\/a><\/li><li><a href=\"https:\/\/dz.kompass.com\/a\/elements-metalliques-pour-le-batiment\/26\/\">El\u00e9ments m\u00e9talliques pour le b\u00e2timent<\/a><\/li><li><a href=\"https:\/\/dz.kompass.com\/a\/materiel-pour-les-travaux-publics-et-le-batiment\/61\/\">Mat\u00e9riel pour les travaux publics et le b\u00e2timent<\/a><\/li><li><a href=\"https:\/\/dz.kompass.com\/a\/meubles-linge-de-maison-et-literie\/15\/\">Meubles, linge de maison et literie<\/a><\/li><li><a href=\"https:\/\/dz.kompass.com\/a\/quincaillerie-coutellerie-et-outillage\/28\/\">Quincaillerie, coutellerie et outillage<\/a><\/li><li><a href=\"https:\/\/dz.kompass.com\/a\/serrurerie-alarmes-et-securite\/29\/\">Serrurerie, alarmes et s\u00e9curit\u00e9<\/a><\/li><li><a href=\"https:\/\/dz.kompass.com\/a\/travaux-publics-et-maritimes\/70\/\">Travaux publics et maritimes<\/a><\/li><li><a href=\"https:\/\/dz.kompass.com\/a\/tuyauterie-robinetterie-et-contenants-en-metal\/27\/\">Tuyauterie, robinetterie et contenants en m\u00e9tal<\/a><\/li><\/ul><\/li><\/ul>\n<\/div><\/div>\n\n\n\n<hr class=\"wp-block-separator\"\/>\n\n\n\n<div class=\"wp-block-media-text alignwide has-media-on-the-right is-stacked-on-mobile\"><figure class=\"wp-block-media-text__media\"><img loading=\"lazy\" width=\"1024\" height=\"682\" src=\"https:\/\/kompass.dz\/wp-content\/uploads\/2025\/03\/le-secteur-cuir-luxe-textile-metiers-dart-en-nouvelle-aquitaine-au-micro-de-cap-metiers-1.jpeg.109c11028c35b1825ddc99b9593ac2cc1-edited-1-1024x682.jpeg\" alt=\"\" class=\"wp-image-172 size-full\" srcset=\"https:\/\/kompass.dz\/wp-content\/uploads\/2025\/03\/le-secteur-cuir-luxe-textile-metiers-dart-en-nouvelle-aquitaine-au-micro-de-cap-metiers-1.jpeg.109c11028c35b1825ddc99b9593ac2cc1-edited-1-1024x682.jpeg 1024w, https:\/\/kompass.dz\/wp-content\/uploads\/2025\/03\/le-secteur-cuir-luxe-textile-metiers-dart-en-nouvelle-aquitaine-au-micro-de-cap-metiers-1.jpeg.109c11028c35b1825ddc99b9593ac2cc1-edited-1-300x200.jpeg 300w, https:\/\/kompass.dz\/wp-content\/uploads\/2025\/03\/le-secteur-cuir-luxe-textile-metiers-dart-en-nouvelle-aquitaine-au-micro-de-cap-metiers-1.jpeg.109c11028c35b1825ddc99b9593ac2cc1-edited-1-768x511.jpeg 768w, https:\/\/kompass.dz\/wp-content\/uploads\/2025\/03\/le-secteur-cuir-luxe-textile-metiers-dart-en-nouvelle-aquitaine-au-micro-de-cap-metiers-1.jpeg.109c11028c35b1825ddc99b9593ac2cc1-edited-1.jpeg 1400w\" sizes=\"(max-width: 767px) 89vw, (max-width: 1000px) 54vw, (max-width: 1071px) 543px, 580px\" \/><\/figure><div class=\"wp-block-media-text__content\">\n<ul id=\"block-bab99a4f-0993-4096-aee0-1e138149cdbc\"><li><strong>Textile, Habillement, Cuir, Horlogerie, Bijouterie<\/strong><ul><li><a href=\"https:\/\/dz.kompass.com\/a\/cuir-et-maroquinerie\/11\/\">Cuir et maroquinerie<\/a><\/li><li><a href=\"https:\/\/dz.kompass.com\/a\/habillement-et-chaussures\/13\/\">Habillement et chaussures<\/a><\/li><li><a href=\"https:\/\/dz.kompass.com\/a\/materiel-pour-l-industrie-du-textile-de-l-habillement-du-cuir\/50\/\">Mat\u00e9riel pour l&#8217;industrie du textile, de l&#8217;habillement, du cuir et des chaussures<\/a><\/li><li><a href=\"https:\/\/dz.kompass.com\/a\/pierres-precieuses-bijouterie-et-horlogerie\/45\/\">Pierres pr\u00e9cieuses, bijouterie et horlogerie<\/a><\/li><li><a href=\"https:\/\/dz.kompass.com\/a\/textile\/12\/\">Textile<\/a><\/li><\/ul><\/li><\/ul>\n<\/div><\/div>\n\n\n\n<hr class=\"wp-block-separator\"\/>\n\n\n\n<div class=\"wp-block-media-text alignwide has-media-on-the-right is-stacked-on-mobile\"><figure class=\"wp-block-media-text__media\"><img loading=\"lazy\" width=\"600\" height=\"400\" src=\"https:\/\/kompass.dz\/wp-content\/uploads\/2025\/03\/metallurgie-industrielle1.webp\" alt=\"\" class=\"wp-image-173 size-full\" srcset=\"https:\/\/kompass.dz\/wp-content\/uploads\/2025\/03\/metallurgie-industrielle1.webp 600w, https:\/\/kompass.dz\/wp-content\/uploads\/2025\/03\/metallurgie-industrielle1-300x200.webp 300w\" sizes=\"(max-width: 600px) 100vw, 600px\" \/><\/figure><div class=\"wp-block-media-text__content\">\n<ul id=\"block-155be2d2-17ff-441e-89d2-7361c5818ffb\"><li><strong>M\u00e9tallurgie, m\u00e9canique et sous-traitance<\/strong><ul><li><a href=\"https:\/\/dz.kompass.com\/a\/materiel-pour-le-travail-des-metaux\/37\/\">Mat\u00e9riel pour le travail des m\u00e9taux<\/a><\/li><\/ul><ul><li><a href=\"https:\/\/dz.kompass.com\/a\/moteurs-et-pieces-mecaniques\/32\/\">Moteurs et pi\u00e8ces m\u00e9caniques<\/a><\/li><li><a href=\"https:\/\/dz.kompass.com\/a\/produits-metallurgiques\/25\/\">Produits m\u00e9tallurgiques<\/a><\/li><li><a href=\"https:\/\/dz.kompass.com\/a\/sous-traitance-industrielle\/65\/\">Sous-traitance industrielle<\/a><\/li><\/ul><\/li><\/ul>\n<\/div><\/div>\n\n\n\n<hr class=\"wp-block-separator\"\/>\n\n\n\n<div class=\"wp-block-media-text alignwide has-media-on-the-right is-stacked-on-mobile\"><figure class=\"wp-block-media-text__media\"><img loading=\"lazy\" width=\"640\" height=\"480\" src=\"https:\/\/kompass.dz\/wp-content\/uploads\/2025\/03\/transporteur-international_a77fd907e81.jpg\" alt=\"\" class=\"wp-image-174 size-full\" srcset=\"https:\/\/kompass.dz\/wp-content\/uploads\/2025\/03\/transporteur-international_a77fd907e81.jpg 640w, https:\/\/kompass.dz\/wp-content\/uploads\/2025\/03\/transporteur-international_a77fd907e81-300x225.jpg 300w\" sizes=\"(max-width: 640px) 100vw, 640px\" \/><\/figure><div class=\"wp-block-media-text__content\">\n<ul id=\"block-3ab1dee3-c668-4318-8ebe-cc2d99bec9e3\"><li><strong>Transports et logistique<\/strong><ul><li><a href=\"https:\/\/dz.kompass.com\/a\/materiel-d-emballage-conditionnement\/63\/\">Mat\u00e9riel d&#8217;emballage. Conditionnement<\/a><\/li><li><a href=\"https:\/\/dz.kompass.com\/a\/materiel-de-manutention-et-de-stockage\/62\/\">Mat\u00e9riel de manutention et de stockage<\/a><\/li><li><a href=\"https:\/\/dz.kompass.com\/a\/moyens-de-transport\/66\/\">Moyens de transport<\/a><\/li><li><a href=\"https:\/\/dz.kompass.com\/a\/transports-et-logistique\/75\/\">Transports et logistique<\/a><\/li><\/ul><\/li><\/ul>\n<\/div><\/div>\n","protected":false},"excerpt":{"rendered":"<p>Kompass est une plateforme mondiale de donn\u00e9es B2B (business-to-business) qui fournit des informations d\u00e9taill\u00e9es sur les entreprises et leurs secteurs d&#8217;activit\u00e9. Elle offre une base de donn\u00e9es extensive regroupant des informations sur des millions d&#8217;entreprises dans divers pays, couvrant des secteurs tels que l&#8217;industrie, les services, le commerce de gros et bien d&#8217;autres. Kompass permet &hellip; <\/p>\n<p class=\"link-more\"><a href=\"https:\/\/kompass.dz\/index.php\/business-place\/\" class=\"more-link\">Continue reading<span class=\"screen-reader-text\"> &#8220;Business place&#8221;<\/span><\/a><\/p>\n","protected":false},"author":1,"featured_media":0,"parent":0,"menu_order":0,"comment_status":"closed","ping_status":"closed","template":"","meta":[],"_links":{"self":[{"href":"https:\/\/kompass.dz\/index.php\/wp-json\/wp\/v2\/pages\/156"}],"collection":[{"href":"https:\/\/kompass.dz\/index.php\/wp-json\/wp\/v2\/pages"}],"about":[{"href":"https:\/\/kompass.dz\/index.php\/wp-json\/wp\/v2\/types\/page"}],"author":[{"embeddable":true,"href":"https:\/\/kompass.dz\/index.php\/wp-json\/wp\/v2\/users\/1"}],"replies":[{"embeddable":true,"href":"https:\/\/kompass.dz\/index.php\/wp-json\/wp\/v2\/comments?post=156"}],"version-history":[{"count":8,"href":"https:\/\/kompass.dz\/index.php\/wp-json\/wp\/v2\/pages\/156\/revisions"}],"predecessor-version":[{"id":193,"href":"https:\/\/kompass.dz\/index.php\/wp-json\/wp\/v2\/pages\/156\/revisions\/193"}],"wp:attachment":[{"href":"https:\/\/kompass.dz\/index.php\/wp-json\/wp\/v2\/media?parent=156"}],"curies":[{"name":"wp","href":"https:\/\/api.w.org\/{rel}","templated":true}]}}